{"id":2602,"date":"2025-08-12T08:43:31","date_gmt":"2025-08-12T12:43:31","guid":{"rendered":"https:\/\/demospec.ca\/?page_id=2602"},"modified":"2025-09-09T15:03:12","modified_gmt":"2025-09-09T19:03:12","slug":"thank-you","status":"publish","type":"page","link":"https:\/\/demospec.ca\/en\/thank-you\/","title":{"rendered":"Thank you"},"content":{"rendered":"\n<div class=\"wp-block-group has-global-padding is-layout-constrained wp-container-core-group-is-layout-74684a36 wp-block-group-is-layout-constrained\" style=\"padding-top:var(--wp--preset--spacing--xx-large);padding-right:0;padding-bottom:var(--wp--preset--spacing--xx-large);padding-left:0\">\n<figure class=\"wp-block-image aligncenter size-full is-resized scroll-trigger scroll-trigger--offscreen animate--fade-in\" style=\"margin-bottom:var(--wp--preset--spacing--x-small)\"><img loading=\"lazy\" decoding=\"async\" width=\"240\" height=\"240\" src=\"https:\/\/demospec.ca\/wp-content\/uploads\/2025\/08\/check-icon.png\" alt=\"Groupe Demospec D\u00e9construction, d\u00e9contamination et sciage-forage \u00e0 Montr\u00e9al\" class=\"wp-image-2571\" style=\"width:60px\" title=\"Groupe Demospec D\u00e9construction, d\u00e9contamination et sciage-forage \u00e0 Montr\u00e9al\" srcset=\"https:\/\/demospec.ca\/wp-content\/uploads\/2025\/08\/check-icon.png 240w, https:\/\/demospec.ca\/wp-content\/uploads\/2025\/08\/check-icon-150x150.png 150w\" sizes=\"(max-width: 240px) 100vw, 240px\" \/><\/figure>\n\n\n\n<h1 class=\"wp-block-heading has-text-align-center scroll-trigger scroll-trigger--offscreen animate--slide-in\">Thank you !<\/h1>\n\n\n\n<p class=\"has-text-align-center scroll-trigger scroll-trigger--offscreen animate--slide-in\">Your request has been successfully submitted. We will contact you shortly!<\/p>\n<\/div>\n","protected":false},"excerpt":{"rendered":"<p>Thank you ! Your request has been successfully submitted. We will contact you shortly!<\/p>\n","protected":false},"author":1,"featured_media":0,"parent":0,"menu_order":0,"comment_status":"closed","ping_status":"closed","template":"","meta":{"_acf_changed":false,"footnotes":""},"class_list":["post-2602","page","type-page","status-publish","hentry"],"acf":[],"_links":{"self":[{"href":"https:\/\/demospec.ca\/en\/wp-json\/wp\/v2\/pages\/2602","targetHints":{"allow":["GET"]}}],"collection":[{"href":"https:\/\/demospec.ca\/en\/wp-json\/wp\/v2\/pages"}],"about":[{"href":"https:\/\/demospec.ca\/en\/wp-json\/wp\/v2\/types\/page"}],"author":[{"embeddable":true,"href":"https:\/\/demospec.ca\/en\/wp-json\/wp\/v2\/users\/1"}],"replies":[{"embeddable":true,"href":"https:\/\/demospec.ca\/en\/wp-json\/wp\/v2\/comments?post=2602"}],"version-history":[{"count":0,"href":"https:\/\/demospec.ca\/en\/wp-json\/wp\/v2\/pages\/2602\/revisions"}],"wp:attachment":[{"href":"https:\/\/demospec.ca\/en\/wp-json\/wp\/v2\/media?parent=2602"}],"curies":[{"name":"wp","href":"https:\/\/api.w.org\/{rel}","templated":true}]}}