{"id":2586,"date":"2025-01-24T09:54:01","date_gmt":"2025-01-24T14:54:01","guid":{"rendered":"https:\/\/demospec.ca\/?page_id=2586"},"modified":"2025-09-15T14:38:27","modified_gmt":"2025-09-15T18:38:27","slug":"careers","status":"publish","type":"page","link":"https:\/\/demospec.ca\/en\/careers\/","title":{"rendered":"Careers"},"content":{"rendered":"\n<div class=\"wp-block-group has-global-padding is-layout-constrained wp-block-group-is-layout-constrained\" style=\"padding-top:var(--wp--preset--spacing--large);padding-bottom:var(--wp--preset--spacing--large)\">\n<h1 class=\"wp-block-heading has-text-align-center scroll-trigger scroll-trigger--offscreen animate--slide-in\" style=\"margin-bottom:var(--wp--preset--spacing--large)\">Job Opportunities<\/h1>\n\n\n\n    <div class=\"jobs-grid animation-stagger\">\n\t\t            <div class=\"scroll-trigger scroll-trigger--offscreen animate--slide-in\">\n                <div class=\"job-item\">\n                    <a href=\"https:\/\/demospec.ca\/en\/job\/class-1-roll-off-truck-driver\/\" class=\"job-item__image\"\n                       aria-label=\"Class 1 Roll-Off Truck Driver\">\n                        <img decoding=\"async\" src=\"https:\/\/demospec.ca\/wp-content\/uploads\/2025\/05\/recrutement-2.webp\" alt=\"Groupe Demospec D\u00e9construction, d\u00e9contamination et sciage-forage \u00e0 Montr\u00e9al\" title=\"Groupe Demospec D\u00e9construction, d\u00e9contamination et sciage-forage \u00e0 Montr\u00e9al\">\n                    <\/a>\n                    <div class=\"job-item__content\">\n                        <h5 class=\"job-item__title\">\n                            <a href=\"https:\/\/demospec.ca\/en\/job\/class-1-roll-off-truck-driver\/\"\n                               aria-label=\"Class 1 Roll-Off Truck Driver\">Class 1 Roll-Off Truck Driver<\/a>\n                        <\/h5>\n                        <span class=\"job-item__description\">Established in Montreal for 25 years and with nearly 300 employees, Demospec is a growing Quebec-based company specializing in deconstruction.<\/span>\n                        <a href=\"https:\/\/demospec.ca\/en\/job\/class-1-roll-off-truck-driver\/\" class=\"post-read-more\"\n                           aria-label=\"Learn more\">Learn more                            <svg xmlns=\"http:\/\/www.w3.org\/2000\/svg\" width=\"14.661\" height=\"12.688\"\n                                 viewBox=\"0 0 14.661 12.688\">\n                                <g transform=\"translate(1324 -287.85) rotate(90)\">\n                                    <line y2=\"12\" transform=\"translate(294 1311)\" fill=\"none\" stroke=\"#ffffff\"\n                                          stroke-linecap=\"round\" stroke-width=\"2\"\/>\n                                    <path d=\"M14044.253,1314.322l4.87-3.73,5.017,3.73\" transform=\"translate(-13755)\"\n                                          fill=\"none\" stroke=\"#ffffff\" stroke-linecap=\"round\" stroke-width=\"2\"\/>\n                                <\/g>\n                            <\/svg>\n                        <\/a>\n                    <\/div>\n                <\/div>\n            <\/div>\n\t\t            <div class=\"scroll-trigger scroll-trigger--offscreen animate--slide-in\">\n                <div class=\"job-item\">\n                    <a href=\"https:\/\/demospec.ca\/en\/job\/talent-acquisition-specialist\/\" class=\"job-item__image\"\n                       aria-label=\"Talent Acquisition Specialist\">\n                        <img decoding=\"async\" src=\"https:\/\/demospec.ca\/wp-content\/uploads\/2025\/08\/deux-jeunes-femmes-affaires-se-rencontrent-pour-entretien_31965-326354.jpg\" alt=\"Groupe Demospec D\u00e9construction, d\u00e9contamination et sciage-forage \u00e0 Montr\u00e9al\" title=\"Groupe Demospec D\u00e9construction, d\u00e9contamination et sciage-forage \u00e0 Montr\u00e9al\">\n                    <\/a>\n                    <div class=\"job-item__content\">\n                        <h5 class=\"job-item__title\">\n                            <a href=\"https:\/\/demospec.ca\/en\/job\/talent-acquisition-specialist\/\"\n                               aria-label=\"Talent Acquisition Specialist\">Talent Acquisition Specialist<\/a>\n                        <\/h5>\n                        <span class=\"job-item__description\">We are looking for a Talent Acquisition Specialist who will play a key role in our growth!<\/span>\n                        <a href=\"https:\/\/demospec.ca\/en\/job\/talent-acquisition-specialist\/\" class=\"post-read-more\"\n                           aria-label=\"Learn more\">Learn more                            <svg xmlns=\"http:\/\/www.w3.org\/2000\/svg\" width=\"14.661\" height=\"12.688\"\n                                 viewBox=\"0 0 14.661 12.688\">\n                                <g transform=\"translate(1324 -287.85) rotate(90)\">\n                                    <line y2=\"12\" transform=\"translate(294 1311)\" fill=\"none\" stroke=\"#ffffff\"\n                                          stroke-linecap=\"round\" stroke-width=\"2\"\/>\n                                    <path d=\"M14044.253,1314.322l4.87-3.73,5.017,3.73\" transform=\"translate(-13755)\"\n                                          fill=\"none\" stroke=\"#ffffff\" stroke-linecap=\"round\" stroke-width=\"2\"\/>\n                                <\/g>\n                            <\/svg>\n                        <\/a>\n                    <\/div>\n                <\/div>\n            <\/div>\n\t\t            <div class=\"scroll-trigger scroll-trigger--offscreen animate--slide-in\">\n                <div class=\"job-item\">\n                    <a href=\"https:\/\/demospec.ca\/en\/job\/administrative-assistant\/\" class=\"job-item__image\"\n                       aria-label=\"Administrative Assistant\">\n                        <img decoding=\"async\" src=\"https:\/\/demospec.ca\/wp-content\/uploads\/2025\/08\/adjointe-admin.jpg\" alt=\"Groupe Demospec D\u00e9construction, d\u00e9contamination et sciage-forage \u00e0 Montr\u00e9al\" title=\"Groupe Demospec D\u00e9construction, d\u00e9contamination et sciage-forage \u00e0 Montr\u00e9al\">\n                    <\/a>\n                    <div class=\"job-item__content\">\n                        <h5 class=\"job-item__title\">\n                            <a href=\"https:\/\/demospec.ca\/en\/job\/administrative-assistant\/\"\n                               aria-label=\"Administrative Assistant\">Administrative Assistant<\/a>\n                        <\/h5>\n                        <span class=\"job-item__description\">As our Decontamination Division grows and projects multiply, we need to strengthen our administrative structure!<\/span>\n                        <a href=\"https:\/\/demospec.ca\/en\/job\/administrative-assistant\/\" class=\"post-read-more\"\n                           aria-label=\"Learn more\">Learn more                            <svg xmlns=\"http:\/\/www.w3.org\/2000\/svg\" width=\"14.661\" height=\"12.688\"\n                                 viewBox=\"0 0 14.661 12.688\">\n                                <g transform=\"translate(1324 -287.85) rotate(90)\">\n                                    <line y2=\"12\" transform=\"translate(294 1311)\" fill=\"none\" stroke=\"#ffffff\"\n                                          stroke-linecap=\"round\" stroke-width=\"2\"\/>\n                                    <path d=\"M14044.253,1314.322l4.87-3.73,5.017,3.73\" transform=\"translate(-13755)\"\n                                          fill=\"none\" stroke=\"#ffffff\" stroke-linecap=\"round\" stroke-width=\"2\"\/>\n                                <\/g>\n                            <\/svg>\n                        <\/a>\n                    <\/div>\n                <\/div>\n            <\/div>\n\t\t            <div class=\"scroll-trigger scroll-trigger--offscreen animate--slide-in\">\n                <div class=\"job-item\">\n                    <a href=\"https:\/\/demospec.ca\/en\/job\/chief-financial-officer\/\" class=\"job-item__image\"\n                       aria-label=\"Chief Financial Officer\">\n                        <img decoding=\"async\" src=\"https:\/\/demospec.ca\/wp-content\/uploads\/2025\/08\/dir.-finances.jpg\" alt=\"Groupe Demospec D\u00e9construction, d\u00e9contamination et sciage-forage \u00e0 Montr\u00e9al\" title=\"Groupe Demospec D\u00e9construction, d\u00e9contamination et sciage-forage \u00e0 Montr\u00e9al\">\n                    <\/a>\n                    <div class=\"job-item__content\">\n                        <h5 class=\"job-item__title\">\n                            <a href=\"https:\/\/demospec.ca\/en\/job\/chief-financial-officer\/\"\n                               aria-label=\"Chief Financial Officer\">Chief Financial Officer<\/a>\n                        <\/h5>\n                        <span class=\"job-item__description\">Finance Director Wanted\r\nAre you a CPA, recognized for your analytical mindset and your ability to simplify financial matters?<\/span>\n                        <a href=\"https:\/\/demospec.ca\/en\/job\/chief-financial-officer\/\" class=\"post-read-more\"\n                           aria-label=\"Learn more\">Learn more                            <svg xmlns=\"http:\/\/www.w3.org\/2000\/svg\" width=\"14.661\" height=\"12.688\"\n                                 viewBox=\"0 0 14.661 12.688\">\n                                <g transform=\"translate(1324 -287.85) rotate(90)\">\n                                    <line y2=\"12\" transform=\"translate(294 1311)\" fill=\"none\" stroke=\"#ffffff\"\n                                          stroke-linecap=\"round\" stroke-width=\"2\"\/>\n                                    <path d=\"M14044.253,1314.322l4.87-3.73,5.017,3.73\" transform=\"translate(-13755)\"\n                                          fill=\"none\" stroke=\"#ffffff\" stroke-linecap=\"round\" stroke-width=\"2\"\/>\n                                <\/g>\n                            <\/svg>\n                        <\/a>\n                    <\/div>\n                <\/div>\n            <\/div>\n\t\t            <div class=\"scroll-trigger scroll-trigger--offscreen animate--slide-in\">\n                <div class=\"job-item\">\n                    <a href=\"https:\/\/demospec.ca\/en\/job\/sawing-and-drilling-estimator\/\" class=\"job-item__image\"\n                       aria-label=\"Sawing and Drilling Estimator\">\n                        <img decoding=\"async\" src=\"https:\/\/demospec.ca\/wp-content\/uploads\/2025\/06\/estimateur.jpg\" alt=\"Groupe Demospec D\u00e9construction, d\u00e9contamination et sciage-forage \u00e0 Montr\u00e9al\" title=\"Groupe Demospec D\u00e9construction, d\u00e9contamination et sciage-forage \u00e0 Montr\u00e9al\">\n                    <\/a>\n                    <div class=\"job-item__content\">\n                        <h5 class=\"job-item__title\">\n                            <a href=\"https:\/\/demospec.ca\/en\/job\/sawing-and-drilling-estimator\/\"\n                               aria-label=\"Sawing and Drilling Estimator\">Sawing and Drilling Estimator<\/a>\n                        <\/h5>\n                        <span class=\"job-item__description\">We are looking for a meticulous, autonomous, and organized person with experience in estimating, preferably in concrete work (an asset) or construction.<\/span>\n                        <a href=\"https:\/\/demospec.ca\/en\/job\/sawing-and-drilling-estimator\/\" class=\"post-read-more\"\n                           aria-label=\"Learn more\">Learn more                            <svg xmlns=\"http:\/\/www.w3.org\/2000\/svg\" width=\"14.661\" height=\"12.688\"\n                                 viewBox=\"0 0 14.661 12.688\">\n                                <g transform=\"translate(1324 -287.85) rotate(90)\">\n                                    <line y2=\"12\" transform=\"translate(294 1311)\" fill=\"none\" stroke=\"#ffffff\"\n                                          stroke-linecap=\"round\" stroke-width=\"2\"\/>\n                                    <path d=\"M14044.253,1314.322l4.87-3.73,5.017,3.73\" transform=\"translate(-13755)\"\n                                          fill=\"none\" stroke=\"#ffffff\" stroke-linecap=\"round\" stroke-width=\"2\"\/>\n                                <\/g>\n                            <\/svg>\n                        <\/a>\n                    <\/div>\n                <\/div>\n            <\/div>\n\t\t    <\/div>\n<\/div>\n\n\n\n<div class=\"wp-block-group has-global-padding is-layout-constrained wp-block-group-is-layout-constrained\" style=\"padding-top:var(--wp--preset--spacing--regular);padding-bottom:0\">\n<div class=\"wp-block-columns contact-columns is-layout-flex wp-container-core-columns-is-layout-28f84493 wp-block-columns-is-layout-flex\">\n<div class=\"wp-block-column is-layout-flow wp-block-column-is-layout-flow\" style=\"padding-bottom:var(--wp--preset--spacing--regular);flex-basis:50%\">\n<h1 class=\"wp-block-heading has-global-palette-4-color has-text-color has-link-color has-large-font-size scroll-trigger scroll-trigger--offscreen animate--fade-in wp-elements-b38bc84e28dd2c02850f39a21fef9ea2\">Join the Demospec team and be part of the adventure!<\/h1>\n\n\n\n<p style=\"margin-top:var(--wp--preset--spacing--tiny);margin-bottom:var(--wp--preset--spacing--small)\" class=\" scroll-trigger scroll-trigger--offscreen animate--fade-in\">At Demospec, we\u2019re looking for bold individuals who are ready to take on challenges and push their limits. Here, you\u2019ll be part of an elite team where unity and a family spirit are at the heart of our success. We provide ongoing training to help you develop your skills and grow in your career. If you\u2019re passionate about action, thrive on adventure, and aren\u2019t afraid to take risks, Demospec is the place for you.<\/p>\n\n\n\n<p class=\" scroll-trigger scroll-trigger--offscreen animate--fade-in\"><strong>Build your future with us and become a key player in ambitious projects. Apply now!<\/strong><\/p>\n<\/div>\n\n\n\n<div class=\"wp-block-column is-layout-flow wp-block-column-is-layout-flow\" style=\"padding-top:0;padding-right:0;padding-bottom:0;padding-left:0;flex-basis:50%\">\n<div class=\"wp-block-group contact-form --carrieres form-nous-joindre scroll-trigger scroll-trigger--offscreen animate--fade-in has-global-padding is-layout-constrained wp-block-group-is-layout-constrained\">\n<script type=\"text\/javascript\" src=\"https:\/\/form.jotform.com\/jsform\/251455235327253\"><\/script>\n<\/div>\n<\/div>\n<\/div>\n<\/div>\n\n\n\n<div class=\"wp-block-group alignfull contact-image-container has-global-padding is-layout-constrained wp-block-group-is-layout-constrained\">\n<figure class=\"wp-block-image size-full contact-image scroll-trigger scroll-trigger--offscreen animate--image-zoom-out\"><img loading=\"lazy\" decoding=\"async\" width=\"2560\" height=\"1546\" src=\"https:\/\/demospec.ca\/wp-content\/uploads\/2025\/04\/demospec-exterieur-5-scaled.jpg\" alt=\"Groupe Demospec D\u00e9construction, d\u00e9contamination et sciage-forage \u00e0 Montr\u00e9al\" class=\"wp-image-1209\" style=\"aspect-ratio:16\/9;object-fit:cover\" title=\"Groupe Demospec D\u00e9construction, d\u00e9contamination et sciage-forage \u00e0 Montr\u00e9al\" srcset=\"https:\/\/demospec.ca\/wp-content\/uploads\/2025\/04\/demospec-exterieur-5-scaled.jpg 2560w, https:\/\/demospec.ca\/wp-content\/uploads\/2025\/04\/demospec-exterieur-5-300x181.jpg 300w, https:\/\/demospec.ca\/wp-content\/uploads\/2025\/04\/demospec-exterieur-5-1024x618.jpg 1024w, https:\/\/demospec.ca\/wp-content\/uploads\/2025\/04\/demospec-exterieur-5-768x464.jpg 768w, https:\/\/demospec.ca\/wp-content\/uploads\/2025\/04\/demospec-exterieur-5-1536x927.jpg 1536w, https:\/\/demospec.ca\/wp-content\/uploads\/2025\/04\/demospec-exterieur-5-2048x1237.jpg 2048w\" sizes=\"(max-width: 2560px) 100vw, 2560px\" \/><\/figure>\n<\/div>\n","protected":false},"excerpt":{"rendered":"<p>Job Opportunities Join the Demospec team and be part of the adventure! At Demospec, we\u2019re looking for bold individuals who are ready to take on challenges&#8230;<\/p>\n","protected":false},"author":1,"featured_media":0,"parent":0,"menu_order":0,"comment_status":"closed","ping_status":"closed","template":"","meta":{"_acf_changed":false,"footnotes":""},"class_list":["post-2586","page","type-page","status-publish","hentry"],"acf":[],"_links":{"self":[{"href":"https:\/\/demospec.ca\/en\/wp-json\/wp\/v2\/pages\/2586","targetHints":{"allow":["GET"]}}],"collection":[{"href":"https:\/\/demospec.ca\/en\/wp-json\/wp\/v2\/pages"}],"about":[{"href":"https:\/\/demospec.ca\/en\/wp-json\/wp\/v2\/types\/page"}],"author":[{"embeddable":true,"href":"https:\/\/demospec.ca\/en\/wp-json\/wp\/v2\/users\/1"}],"replies":[{"embeddable":true,"href":"https:\/\/demospec.ca\/en\/wp-json\/wp\/v2\/comments?post=2586"}],"version-history":[{"count":0,"href":"https:\/\/demospec.ca\/en\/wp-json\/wp\/v2\/pages\/2586\/revisions"}],"wp:attachment":[{"href":"https:\/\/demospec.ca\/en\/wp-json\/wp\/v2\/media?parent=2586"}],"curies":[{"name":"wp","href":"https:\/\/api.w.org\/{rel}","templated":true}]}}